{"id":22,"date":"2018-07-20T12:59:49","date_gmt":"2018-07-20T10:59:49","guid":{"rendered":"http:\/\/bjoern-thomsen.de\/?page_id=22"},"modified":"2023-01-27T20:21:27","modified_gmt":"2023-01-27T19:21:27","slug":"kuby-begleiter","status":"publish","type":"page","link":"https:\/\/bjoern-thomsen.de\/?page_id=22","title":{"rendered":"KUBY-Begleiter"},"content":{"rendered":"<p><img decoding=\"async\" loading=\"lazy\" class=\"wp-image-118 size-medium alignleft\" src=\"http:\/\/bjoern-thomsen.de\/wp-content\/uploads\/2019\/10\/Staffelsee1b-300x263.png\" alt=\"\" width=\"300\" height=\"263\" srcset=\"https:\/\/bjoern-thomsen.de\/wp-content\/uploads\/2019\/10\/Staffelsee1b-300x263.png 300w, https:\/\/bjoern-thomsen.de\/wp-content\/uploads\/2019\/10\/Staffelsee1b-768x673.png 768w, https:\/\/bjoern-thomsen.de\/wp-content\/uploads\/2019\/10\/Staffelsee1b.png 1000w\" sizes=\"(max-width: 300px) 100vw, 300px\" \/>Im November 2016 habe ich aus pers\u00f6nlichem Anlass damit begonnen, mich mit der <a href=\"https:\/\/www.kubymethode.com\" target=\"_blank\" rel=\"noopener noreferrer\">KUBYmethode\u00ae<\/a> zu besch\u00e4ftigen. Die Ursache k\u00f6rperlicher Symptome, die mich in meiner Lebensqualit\u00e4t stark einschr\u00e4nkten, wollte ich mit dieser Methode finden. Denn ich bin der \u00dcberzeugung, dass eine Krankheit so wie jedes andere menschliche Problem, nur harmonisiert werden kann, wenn die Ursache erkannt und beseitigt wird. Auf den \u00fcblichen schul- oder alternativmedizinischen Wegen habe ich die \u00a0Ursache nicht finden oder gar beseitigen k\u00f6nnen. Mit der <a href=\"https:\/\/www.kubymethode.com\" target=\"_blank\" rel=\"noopener noreferrer\">KUBYmethode\u00ae<\/a> war ich in der Lage, die Ursachen meiner gesundheitlichen Probleme zu finden. Zudem stellt diese Methode ein wirksames Werkzeug zur Beseitigung der Ursache zur Verf\u00fcgung. Und so habe ich inzwischen erstaunliche Fortschritte machen k\u00f6nnen und meine Lebensqualit\u00e4t wieder sp\u00fcrbar verbessert. Dar\u00fcber hinaus konnte ich durch meinen Prozess der Bewusstseinserweiterung ein viel klareres Selbstbild von mir erlangen, meine wahren seelischen Bed\u00fcrfnisse erkennen und lernen, die Ber\u00fccksichtigung dieser Bed\u00fcrfnisse im t\u00e4glichen Leben zu integrieren. Dadurch hat sich meine Lebensqualit\u00e4t sogar sp\u00fcrbar erh\u00f6ht.<\/p>\n<p>Im Januar 2018 begann ich mit dem\u00a0<a href=\"https:\/\/www.kubymethode.com\/kuby-studium\/\" target=\"_blank\" rel=\"noopener noreferrer\">KUBYstudium<\/a> und habe das erste und zweite Semester erfolgreich absolviert. Als KUBY-Begleiter\u00ae begleite ich Menschen in ihrem Prozess der Bewusstseinserweiterung. Wenn Sie, liebe(r) LeserIn, Fragen an mich haben oder sogar selbst einmal die Methode ausprobieren m\u00f6chten, dann schreiben Sie mir einfach eine <a href=\"mailto:reservation@bjoern-thomsen.de?subject=Kontakt per Website\">E-Mail<\/a>\u00a0.<\/p>\n\n<ul class=\"wp-block-latest-posts__list has-dates wp-block-latest-posts\"><li><a class=\"wp-block-latest-posts__post-title\" href=\"https:\/\/bjoern-thomsen.de\/?p=272\">Die Natur auf der Erde ist harmonisch, perfekt und Grundlage zum Gl\u00fccklichsein<\/a><time datetime=\"2020-05-03T13:42:10+02:00\" class=\"wp-block-latest-posts__post-date\">3. Mai 2020<\/time><\/li>\n<li><a class=\"wp-block-latest-posts__post-title\" href=\"https:\/\/bjoern-thomsen.de\/?p=139\">Geschafft! Ich bin professioneller KUBYbegleiter \ud83d\ude42<\/a><time datetime=\"2019-12-22T13:35:21+01:00\" class=\"wp-block-latest-posts__post-date\">22. Dezember 2019<\/time><\/li>\n<li><a class=\"wp-block-latest-posts__post-title\" href=\"https:\/\/bjoern-thomsen.de\/?p=131\">Assistenz beim Basis-Seminar 06. &#8211; 09. Dezember 2019<\/a><time datetime=\"2019-12-11T08:54:50+01:00\" class=\"wp-block-latest-posts__post-date\">11. Dezember 2019<\/time><\/li>\n<li><a class=\"wp-block-latest-posts__post-title\" href=\"https:\/\/bjoern-thomsen.de\/?p=122\">Assistenz beim Aufbau-Seminar 03.-06.10.2019<\/a><time datetime=\"2019-10-26T12:34:54+02:00\" class=\"wp-block-latest-posts__post-date\">26. Oktober 2019<\/time><\/li>\n<li><a class=\"wp-block-latest-posts__post-title\" href=\"https:\/\/bjoern-thomsen.de\/?p=108\">Assistenz beim Basis-Seminar 30.08. &#8211; 01.09.2019<\/a><time datetime=\"2019-07-24T08:17:48+02:00\" class=\"wp-block-latest-posts__post-date\">24. Juli 2019<\/time><\/li>\n<\/ul>","protected":false},"excerpt":{"rendered":"<p>Im November 2016 habe ich aus pers\u00f6nlichem Anlass damit begonnen, mich mit der KUBYmethode\u00ae zu besch\u00e4ftigen. Die Ursache k\u00f6rperlicher Symptome, die mich in meiner Lebensqualit\u00e4t stark einschr\u00e4nkten, wollte ich mit dieser Methode finden. Denn ich bin der \u00dcberzeugung, dass eine Krankheit so wie jedes andere menschliche Problem, nur harmonisiert werden kann, wenn die Ursache erkannt &hellip; <\/p>\n<p class=\"link-more\"><a href=\"https:\/\/bjoern-thomsen.de\/?page_id=22\" class=\"more-link\"><span class=\"screen-reader-text\">\u201eKUBY-Begleiter\u201c<\/span> weiterlesen<\/a><\/p>\n","protected":false},"author":1,"featured_media":0,"parent":0,"menu_order":0,"comment_status":"closed","ping_status":"closed","template":"","meta":[],"_links":{"self":[{"href":"https:\/\/bjoern-thomsen.de\/index.php?rest_route=\/wp\/v2\/pages\/22"}],"collection":[{"href":"https:\/\/bjoern-thomsen.de\/index.php?rest_route=\/wp\/v2\/pages"}],"about":[{"href":"https:\/\/bjoern-thomsen.de\/index.php?rest_route=\/wp\/v2\/types\/page"}],"author":[{"embeddable":true,"href":"https:\/\/bjoern-thomsen.de\/index.php?rest_route=\/wp\/v2\/users\/1"}],"replies":[{"embeddable":true,"href":"https:\/\/bjoern-thomsen.de\/index.php?rest_route=%2Fwp%2Fv2%2Fcomments&post=22"}],"version-history":[{"count":21,"href":"https:\/\/bjoern-thomsen.de\/index.php?rest_route=\/wp\/v2\/pages\/22\/revisions"}],"predecessor-version":[{"id":296,"href":"https:\/\/bjoern-thomsen.de\/index.php?rest_route=\/wp\/v2\/pages\/22\/revisions\/296"}],"wp:attachment":[{"href":"https:\/\/bjoern-thomsen.de\/index.php?rest_route=%2Fwp%2Fv2%2Fmedia&parent=22"}],"curies":[{"name":"wp","href":"https:\/\/api.w.org\/{rel}","templated":true}]}}