{"id":84,"date":"2019-03-17T11:00:45","date_gmt":"2019-03-17T10:00:45","guid":{"rendered":"http:\/\/bjoern-thomsen.de\/?page_id=84"},"modified":"2020-09-07T16:08:05","modified_gmt":"2020-09-07T14:08:05","slug":"was-ist","status":"publish","type":"page","link":"https:\/\/bjoern-thomsen.de\/?page_id=84","title":{"rendered":"Was ist das?"},"content":{"rendered":"\n<p>Die <strong>KUBYmethode<\/strong>\u00ae ist eine Methode zur Bewusstseinserweiterung. Du machst Dir bei der Anwendung der KUBYmethode die geistig-seelische Ursache unterschiedlichster Symptome (z.B. Krankheiten, Probleme, Befindlichkeiten, Emotionen), die Deine Lebensqualit\u00e4t beeintr\u00e4chtigen, bewusst. Dieses Bewusstsein erm\u00f6glicht Dir dann das \u00c4ndern der Ursache durch das Seelenschreiben (Schmerzbild, Umschreibung &#8211; Du schreibst die Ursache um). Eine wirksame Umschreibung erkennst Du daran, dass das Symptom dann verschwindet und sich damit Deine Lebensqualit\u00e4t sp\u00fcrbar verbessert.<\/p>\n\n\n\n<p><strong><a href=\"https:\/\/www.clemenskuby.de\" target=\"_blank\" rel=\"noreferrer noopener\" aria-label=\" (\u00f6ffnet in neuem Tab)\">Clemens Kuby<\/a><\/strong> ist der Erfinder der KUBYmethode\u00ae. Er entwickelte diese Methode nachdem er sich selbst von einer Querschnittsl\u00e4hmung geheilt hat, die zuvor 40 \u00c4rzte als unheilbar eingestuft hatten.<\/p>\n\n\n\n<p>Ein <strong>KUBYbegleiter<\/strong> ist eine Person, die dazu ausgebildet wurde, Menschen bei ihrem Prozess der Bewusstseinserweiterung unter Anwendung der KUBYmethode\u00ae zu begleiten. Ein Begleitgespr\u00e4ch (welches ca. 40-50 Minuten dauert) hat zum Ziel, dass dem Klienten die Ursache seines Symptoms bewusst wird und somit die Grundlage f\u00fcr ein wirksames Seelenschreiben\u00ae gelegt wird. Ein KUBYbegleiter hat immer schon selbst die KUBYmethode\u00ae erfolgreich an sich angewendet. <\/p>\n\n\n\n<p>Das <strong>Seelenschreiben<\/strong>\u00ae ist das wichtigste Element beim Anwenden der  KUBYmethode\u00ae. Der Klient schreibt dabei seinen sogenannten Seelentext selbst in eigener Verantwortung und aus seiner Intuition heraus. Durch die schriftliche Form (auf Papier oder am Computer) manifestiert sich das neue Bewusstsein in wesentlich st\u00e4rkerer und nachhaltiger Form, als w\u00fcrde es nur gedanklich stattfinden. Der Seelentext beinhaltet haupts\u00e4chlich das Schmerzbild und die Umschreibung (Im Deutschen ist dieses Wort doppelt belegt. Hier ist gemeint &#8222;ich schreibe etwas um&#8220; und nicht &#8222;ich umschreibe etwas&#8220;!).<\/p>\n\n\n\n<p>Das <strong>Schmerzbild<\/strong> ist der Teil im Seelentext, bei dem das urs\u00e4chliche Ereignis im Drehbuchstil (Pr\u00e4sens, w\u00f6rtliche Rede, Regieanweisungen) aufgeschrieben wird. Dadurch wird das in der Vergangenheit erlebte Ereignis wieder erlebt, vor allem auch emotional, und dadurch k\u00f6nnen wir es nun auch harmonisieren, indem wir es um-interpretieren oder wirklich\/wirksam um-schreiben.<\/p>\n\n\n\n<p>Die <strong>Umschreibung<\/strong> ist das Schreiben einer neuen Realit\u00e4t, die nach dem emotionalen H\u00f6hepunkt des Schmerzbildes beginnt und den Verlauf des Ereignisses so schildert, dass die\/der Betroffene eine plausible, glaubw\u00fcrdige neue Realit\u00e4t erlebt, die sie\/ihn gl\u00fccklich macht. Dadurch entstehen neue Synapsen im Gehirn und Blockaden l\u00f6sen sich auf. Unser Verhalten, unsere Reaktionen auf Ereignisse, die bisher zu schmerzhaften Reaktionen gef\u00fchrt haben bis hin zu realen Krankheitssymptomen, k\u00f6nnen so verschwinden. Eine wirksame Umschreibung bewirkt Harmonisierung auf seelischer und in Folge davon auch auf k\u00f6rperlicher Ebene. Diese Erfahrung habe ich selbst mehrfach erleben k\u00f6nnen.<\/p>\n","protected":false},"excerpt":{"rendered":"<p>Die KUBYmethode\u00ae ist eine Methode zur Bewusstseinserweiterung. Du machst Dir bei der Anwendung der KUBYmethode die geistig-seelische Ursache unterschiedlichster Symptome (z.B. Krankheiten, Probleme, Befindlichkeiten, Emotionen), die Deine Lebensqualit\u00e4t beeintr\u00e4chtigen, bewusst. Dieses Bewusstsein erm\u00f6glicht Dir dann das \u00c4ndern der Ursache durch das Seelenschreiben (Schmerzbild, Umschreibung &#8211; Du schreibst die Ursache um). Eine wirksame Umschreibung erkennst Du &hellip; <\/p>\n<p class=\"link-more\"><a href=\"https:\/\/bjoern-thomsen.de\/?page_id=84\" class=\"more-link\"><span class=\"screen-reader-text\">\u201eWas ist das?\u201c<\/span> weiterlesen<\/a><\/p>\n","protected":false},"author":1,"featured_media":0,"parent":22,"menu_order":0,"comment_status":"closed","ping_status":"closed","template":"","meta":[],"_links":{"self":[{"href":"https:\/\/bjoern-thomsen.de\/index.php?rest_route=\/wp\/v2\/pages\/84"}],"collection":[{"href":"https:\/\/bjoern-thomsen.de\/index.php?rest_route=\/wp\/v2\/pages"}],"about":[{"href":"https:\/\/bjoern-thomsen.de\/index.php?rest_route=\/wp\/v2\/types\/page"}],"author":[{"embeddable":true,"href":"https:\/\/bjoern-thomsen.de\/index.php?rest_route=\/wp\/v2\/users\/1"}],"replies":[{"embeddable":true,"href":"https:\/\/bjoern-thomsen.de\/index.php?rest_route=%2Fwp%2Fv2%2Fcomments&post=84"}],"version-history":[{"count":13,"href":"https:\/\/bjoern-thomsen.de\/index.php?rest_route=\/wp\/v2\/pages\/84\/revisions"}],"predecessor-version":[{"id":290,"href":"https:\/\/bjoern-thomsen.de\/index.php?rest_route=\/wp\/v2\/pages\/84\/revisions\/290"}],"up":[{"embeddable":true,"href":"https:\/\/bjoern-thomsen.de\/index.php?rest_route=\/wp\/v2\/pages\/22"}],"wp:attachment":[{"href":"https:\/\/bjoern-thomsen.de\/index.php?rest_route=%2Fwp%2Fv2%2Fmedia&parent=84"}],"curies":[{"name":"wp","href":"https:\/\/api.w.org\/{rel}","templated":true}]}}